{"id":9,"date":"2020-03-08T15:39:23","date_gmt":"2020-03-08T18:39:23","guid":{"rendered":"https:\/\/bitconf.com.br\/2020\/?page_id=9"},"modified":"2020-09-05T22:20:07","modified_gmt":"2020-09-06T01:20:07","slug":"pagina-inicial","status":"publish","type":"page","link":"https:\/\/bitconf.com.br\/2020\/","title":{"rendered":"P\u00e1gina inicial"},"content":{"rendered":"<div class=\"col-md-5\">\n<h3>Sobre a BITCONF by PAXFUL<\/h3>\n<p><iframe loading=\"lazy\" title=\"VI BITCONF\" width=\"750\" height=\"422\" src=\"https:\/\/www.youtube.com\/embed\/kWnv96eaWTw?feature=oembed\" frameborder=\"0\" allow=\"accelerometer; autoplay; encrypted-media; gyroscope; picture-in-picture\" allowfullscreen><\/iframe><\/p>\n<p>A BITCONF surgiu como meio de reunir os pioneiros do Bitcoin no Brasil, em 8 de mar\u00e7o de 2014, em Florian\u00f3polis, para debater a evolu\u00e7\u00e3o do dinheiro para o meio digital e se tornou o maior evento brasileiro sobre Bitcoin e criptomoedas.<\/p>\n<p>Nesses \u00faltimos 6 anos contribu\u00edmos muito para o desenvolvimento da comunidade brasileira, trazendo conhecimento, criando um espa\u00e7o para troca de informa\u00e7\u00f5es e para que as pessoas se encontrassem presencialmente.<\/p>\n<p>Fomos o primeiro evento a debater sobre Bitcoin no Brasil e tamb\u00e9m contribu\u00edmos para o surgimento das maiores empresas e sua divulga\u00e7\u00e3o para o grande p\u00fablico.<\/p>\n<\/div>\n","protected":false},"excerpt":{"rendered":"<p>Sobre a BITCONF by PAXFUL A BITCONF surgiu como meio de reunir os pioneiros do Bitcoin no Brasil, em 8 de mar\u00e7o de 2014, em Florian\u00f3polis, para debater a evolu\u00e7\u00e3o do dinheiro para o meio digital e se tornou o maior evento brasileiro sobre Bitcoin e criptomoedas. Nesses \u00faltimos 6<a class=\"moretag\" href=\"https:\/\/bitconf.com.br\/2020\/\"> Continue a ler<\/a><\/p>\n","protected":false},"author":1,"featured_media":28,"parent":0,"menu_order":0,"comment_status":"closed","ping_status":"closed","template":"","meta":{"footnotes":""},"class_list":["post-9","page","type-page","status-publish","has-post-thumbnail","hentry"],"_links":{"self":[{"href":"https:\/\/bitconf.com.br\/2020\/wp-json\/wp\/v2\/pages\/9","targetHints":{"allow":["GET"]}}],"collection":[{"href":"https:\/\/bitconf.com.br\/2020\/wp-json\/wp\/v2\/pages"}],"about":[{"href":"https:\/\/bitconf.com.br\/2020\/wp-json\/wp\/v2\/types\/page"}],"author":[{"embeddable":true,"href":"https:\/\/bitconf.com.br\/2020\/wp-json\/wp\/v2\/users\/1"}],"replies":[{"embeddable":true,"href":"https:\/\/bitconf.com.br\/2020\/wp-json\/wp\/v2\/comments?post=9"}],"version-history":[{"count":5,"href":"https:\/\/bitconf.com.br\/2020\/wp-json\/wp\/v2\/pages\/9\/revisions"}],"predecessor-version":[{"id":324,"href":"https:\/\/bitconf.com.br\/2020\/wp-json\/wp\/v2\/pages\/9\/revisions\/324"}],"wp:featuredmedia":[{"embeddable":true,"href":"https:\/\/bitconf.com.br\/2020\/wp-json\/wp\/v2\/media\/28"}],"wp:attachment":[{"href":"https:\/\/bitconf.com.br\/2020\/wp-json\/wp\/v2\/media?parent=9"}],"curies":[{"name":"wp","href":"https:\/\/api.w.org\/{rel}","templated":true}]}}