{"id":62,"date":"2020-03-09T14:59:20","date_gmt":"2020-03-09T17:59:20","guid":{"rendered":"https:\/\/bitconf.com.br\/2020\/?page_id=62"},"modified":"2020-07-26T01:57:21","modified_gmt":"2020-07-26T04:57:21","slug":"compre-aqui-seu-ingresso","status":"publish","type":"page","link":"https:\/\/bitconf.com.br\/2020\/compre-aqui-seu-ingresso\/","title":{"rendered":"Compre aqui seu ingresso"},"content":{"rendered":"\r\n<p>Adquira agora mesmo seu ingresso para o maior evento sobre Bitcoin, Blockchain e criptomoedas da Am\u00e9rica Latina.<\/p>\r\n\r\n\r\n\r\n<p>Estamos vendendo pela plataforma da Eventbrite. Voc\u00ea pode pagar com cart\u00e3o de cr\u00e9dito e boleto.<\/p>\r\n\r\n\r\n\r\n<p>Basta clicar no bot\u00e3o abaixo para ser direcionado ao site da Eventbrite e realizar a compra.<\/p>\r\n\r\n\r\n\r\n<p><a href=\"https:\/\/www.eventbrite.pt\/e\/bilhetes-viii-bitconf-conferencia-brasileira-sobre-bitcoin-e-criptomoedas-70467408917?ref=ebtn\" target=\"_blank\" rel=\"noopener noreferrer\"><img decoding=\"async\" src=\"https:\/\/www.eventbrite.pt\/custombutton?eid=70467408917\" alt=\"Eventbrite - VIII BITCONF Confer\u00eancia brasileira sobre Bitcoin e criptomoedas\" \/><\/a><\/p>\r\n\r\n\r\n\r\n<p>Para comprar usando Bitcoin e outras criptomoedas, clique no bot\u00e3o abaixo e compre pelo site da CoinPayments.<\/p>\r\n\r\n\r\n<form action=\"https:\/\/www.coinpayments.net\/index.php\" method=\"post\"><input type=\"hidden\" name=\"cmd\" value=\"_pay\" \/> <input type=\"hidden\" name=\"reset\" value=\"1\" \/> <input type=\"hidden\" name=\"merchant\" value=\"fab4cadf4f9dadc24958a4e2d90308d6\" \/> <input type=\"hidden\" name=\"item_name\" value=\"Ingresso para a VIII BITCONF 2o lote\" \/> <input type=\"hidden\" name=\"currency\" value=\"BRL\" \/> <input type=\"hidden\" name=\"amountf\" value=\"200.00000000\" \/> <input type=\"hidden\" name=\"quantity\" value=\"1\" \/> <input type=\"hidden\" name=\"allow_quantity\" value=\"1\" \/> <input type=\"hidden\" name=\"want_shipping\" value=\"0\" \/> <input type=\"hidden\" name=\"success_url\" value=\"https:\/\/www.bitconf.com.br\/portal\/\" \/> <input type=\"hidden\" name=\"cancel_url\" value=\"https:\/\/www.bitconf.com.br\/portal\/\" \/> <input type=\"hidden\" name=\"allow_extra\" value=\"1\" \/> <input type=\"image\" src=\"https:\/\/www.coinpayments.net\/images\/pub\/CP-main-large.png\" alt=\"Compre Agora com CoinPayments.net\" \/><\/form>\r\n\r\n\r\n<p>&nbsp;<\/p>","protected":false},"excerpt":{"rendered":"<p>Adquira agora mesmo seu ingresso para o maior evento sobre Bitcoin, Blockchain e criptomoedas da Am\u00e9rica Latina. Estamos vendendo pela plataforma da Eventbrite. Voc\u00ea pode pagar com cart\u00e3o de cr\u00e9dito e boleto. Basta clicar no bot\u00e3o abaixo para ser direcionado ao site da Eventbrite e realizar a compra. Para comprar<a class=\"moretag\" href=\"https:\/\/bitconf.com.br\/2020\/compre-aqui-seu-ingresso\/\"> Continue a ler<\/a><\/p>\n","protected":false},"author":1,"featured_media":0,"parent":0,"menu_order":0,"comment_status":"closed","ping_status":"closed","template":"","meta":{"footnotes":""},"class_list":["post-62","page","type-page","status-publish","hentry"],"_links":{"self":[{"href":"https:\/\/bitconf.com.br\/2020\/wp-json\/wp\/v2\/pages\/62","targetHints":{"allow":["GET"]}}],"collection":[{"href":"https:\/\/bitconf.com.br\/2020\/wp-json\/wp\/v2\/pages"}],"about":[{"href":"https:\/\/bitconf.com.br\/2020\/wp-json\/wp\/v2\/types\/page"}],"author":[{"embeddable":true,"href":"https:\/\/bitconf.com.br\/2020\/wp-json\/wp\/v2\/users\/1"}],"replies":[{"embeddable":true,"href":"https:\/\/bitconf.com.br\/2020\/wp-json\/wp\/v2\/comments?post=62"}],"version-history":[{"count":4,"href":"https:\/\/bitconf.com.br\/2020\/wp-json\/wp\/v2\/pages\/62\/revisions"}],"predecessor-version":[{"id":193,"href":"https:\/\/bitconf.com.br\/2020\/wp-json\/wp\/v2\/pages\/62\/revisions\/193"}],"wp:attachment":[{"href":"https:\/\/bitconf.com.br\/2020\/wp-json\/wp\/v2\/media?parent=62"}],"curies":[{"name":"wp","href":"https:\/\/api.w.org\/{rel}","templated":true}]}}