{"id":224,"date":"2020-08-10T00:52:30","date_gmt":"2020-08-10T03:52:30","guid":{"rendered":"https:\/\/bitconf.com.br\/2020\/?page_id=224"},"modified":"2020-09-11T12:42:51","modified_gmt":"2020-09-11T15:42:51","slug":"cursos","status":"publish","type":"page","link":"https:\/\/bitconf.com.br\/2020\/cursos\/","title":{"rendered":"Cursos"},"content":{"rendered":"<p>Nesta edi\u00e7\u00e3o estaremos realizando alguns cursos. As palestras ser\u00e3o no turno da tarde e os cursos ser\u00e3o pela manh\u00e3, ent\u00e3o voc\u00ea n\u00e3o perder\u00e1 nada da programa\u00e7\u00e3o.<\/p>\n<p>Confira os cursos j\u00e1 confirmados:<\/p>\n<ul>\n<li><strong>Carl Amorim &#8211; Construindo uma organiza\u00e7\u00e3o aut\u00f4noma distribu\u00edda <\/strong>(s\u00e1bado &#8211; 10 horas )<\/li>\n<\/ul>\n<p>A nova fronteira a ser conquistada no universo do Blockchain s\u00e3o os novos formatos organizacionais permitidos pela tecnologia por meio dos criptoativos e smart contracts.<br \/>\nEste curso apresenta a metodologia desenvolvida por Oswaldo Oliveira e Carl Amorim a partir dos Princ\u00edpios das Organiza\u00e7\u00f5es Pr\u00f3speras, da Prospera, primeira DAO verdadeira no mundo, e da experi\u00eancia do BRI Brasil.<br \/>\nVamos abordar:<br \/>\n&#8211; principios das Organiza\u00e7\u00f5es Pr\u00f3speras<br \/>\n&#8211; Excassez x Abund\u00e2ncia<br \/>\n&#8211; Centralizando, descentralizando e distribuindo como processo<br \/>\n&#8211; O Commons, os N\u00f3s e Objetos<br \/>\n&#8211; Criando o Commons<br \/>\n&#8211; Articulando os N\u00f3s<br \/>\n&#8211; Desenvolvendo Objetos<br \/>\n1. Modelo de neg\u00f3cios<br \/>\n2. Uso do Commons<br \/>\n3. Plataforma Tecnol\u00f3gica<br \/>\n4. Proof of Work<br \/>\n5. Distribui\u00e7\u00e3o de Receitas<br \/>\n6. Lideran\u00e7a, Governan\u00e7a e intera\u00e7\u00e3o<\/p>\n<p>&nbsp;<\/p>\n<ul>\n<li><strong>Solange Gueiros &#8211; Como criar um token colecion\u00e1vel no Blockchain RSK<\/strong> (domingo &#8211; 10 h)<\/li>\n<\/ul>\n<p>CryptoKitties \u00e9 um dos maiores sucessos de tokens colecion\u00e1veis.<br \/>\nTamb\u00e9m \u00e9 conhecido como NFT &#8211; Non Fungible Token (Token N\u00e3o Fung\u00edvel).<br \/>\nNeste workshop voc\u00ea vai aprender a criar um token colecion\u00e1vel utilizando o padr\u00e3o ERC721, o mais popular neste tipo de token.<\/p>\n<p>&nbsp;<\/p>\n<ul>\n<li><strong>Tasso Lago &#8211; Como proteger seu patrim\u00f4nio de uma nova crise<\/strong> (s\u00e1bado 10h)<\/li>\n<\/ul>\n<p>Descubra o que eu fiz para n\u00e3o sofrer com a queda da Bolsa Brasileira! Aprenda como diversificar seus investimentos de acordo com o perfil de risco de cada um. Obtenha uma aloca\u00e7\u00e3o segura ou agressiva mediante o que desejar e nunca mais erre novamente.<\/p>\n<ul>\n<li><strong>Tasso Lago &#8211; Aprendendo a fazer trades nas criptomoedas<\/strong> (domingo 10h)<\/li>\n<\/ul>\n<p>Curso Intensivo de an\u00e1lise t\u00e9cnica que ir\u00e1 lhe deixar pronto para operar criptomoedas ganhar mais bitcoins e sobreviver no mercado (N\u00e3o ter\u00e1 alavancagem, nem recomendo).<\/p>\n<p>&nbsp;<\/p>\n<ul><\/ul>\n","protected":false},"excerpt":{"rendered":"<p>Nesta edi\u00e7\u00e3o estaremos realizando alguns cursos. As palestras ser\u00e3o no turno da tarde e os cursos ser\u00e3o pela manh\u00e3, ent\u00e3o voc\u00ea n\u00e3o perder\u00e1 nada da programa\u00e7\u00e3o. Confira os cursos j\u00e1 confirmados: Carl Amorim &#8211; Construindo uma organiza\u00e7\u00e3o aut\u00f4noma distribu\u00edda (s\u00e1bado &#8211; 10 horas ) A nova fronteira a ser conquistada<a class=\"moretag\" href=\"https:\/\/bitconf.com.br\/2020\/cursos\/\"> Continue a ler<\/a><\/p>\n","protected":false},"author":1,"featured_media":0,"parent":0,"menu_order":0,"comment_status":"closed","ping_status":"closed","template":"","meta":{"footnotes":""},"class_list":["post-224","page","type-page","status-publish","hentry"],"_links":{"self":[{"href":"https:\/\/bitconf.com.br\/2020\/wp-json\/wp\/v2\/pages\/224","targetHints":{"allow":["GET"]}}],"collection":[{"href":"https:\/\/bitconf.com.br\/2020\/wp-json\/wp\/v2\/pages"}],"about":[{"href":"https:\/\/bitconf.com.br\/2020\/wp-json\/wp\/v2\/types\/page"}],"author":[{"embeddable":true,"href":"https:\/\/bitconf.com.br\/2020\/wp-json\/wp\/v2\/users\/1"}],"replies":[{"embeddable":true,"href":"https:\/\/bitconf.com.br\/2020\/wp-json\/wp\/v2\/comments?post=224"}],"version-history":[{"count":10,"href":"https:\/\/bitconf.com.br\/2020\/wp-json\/wp\/v2\/pages\/224\/revisions"}],"predecessor-version":[{"id":358,"href":"https:\/\/bitconf.com.br\/2020\/wp-json\/wp\/v2\/pages\/224\/revisions\/358"}],"wp:attachment":[{"href":"https:\/\/bitconf.com.br\/2020\/wp-json\/wp\/v2\/media?parent=224"}],"curies":[{"name":"wp","href":"https:\/\/api.w.org\/{rel}","templated":true}]}}