{"id":136,"date":"2020-03-27T22:45:15","date_gmt":"2020-03-28T01:45:15","guid":{"rendered":"https:\/\/bitconf.com.br\/2020\/?page_id=136"},"modified":"2020-07-22T17:51:02","modified_gmt":"2020-07-22T20:51:02","slug":"local","status":"publish","type":"page","link":"https:\/\/bitconf.com.br\/2020\/local\/","title":{"rendered":"Local"},"content":{"rendered":"\r\n<p>A VIII BITCONF acontecer\u00e1 de 10 \u00e0 13 de setembro no Centro de Eventos Circuito das \u00c1guas, na cidade de Serra Negra, S\u00e3o Paulo.<\/p>\r\n\r\n\r\n\r\n<p>A Est\u00e2ncia Hidromineral de Serra Negra apresenta o turismo tradicional, de compras, de eventos e rural. Seu agrad\u00e1vel clima de montanha, aliado \u00e0s fontes de \u00e1guas minerais com poderes terap\u00eauticos e sua rica beleza natural, tornaram-lhe conhecida como &#8220;Cidade da Sa\u00fade&#8221;.<\/p>\r\n\r\n\r\n\r\n<p>Para bem recepcionar o turista, a cidade conta com uma ampla estrutura hoteleira e excelente servi\u00e7o de hospedagem, que pode ser comprovado atrav\u00e9s de luxuosos hot\u00e9is, como tamb\u00e9m junto ao ambiente familiar e informal dos hot\u00e9is fazenda.<\/p>\r\n<p><iframe loading=\"lazy\" title=\"Turismo: Conhe\u00e7a o Circuito das \u00c1guas\" width=\"750\" height=\"422\" src=\"https:\/\/www.youtube.com\/embed\/RNzBb3PRDy8?feature=oembed\" frameborder=\"0\" allow=\"accelerometer; autoplay; encrypted-media; gyroscope; picture-in-picture\" allowfullscreen><\/iframe><\/p>\r\n\r\n\r\n\r\n<p>Para a realiza\u00e7\u00e3o dos mais diversos tipos de eventos, Serra Negra mant\u00e9m em constante atividade o Centro de Conven\u00e7\u00f5es Circuito das \u00c1guas, o maior complexo para sediar eventos da regi\u00e3o. Sua estrutura f\u00edsica compreende tr\u00eas audit\u00f3rios que totalizam 1400 lugares e mais tr\u00eas salas de apoio. A \u00e1rea de exposi\u00e7\u00f5es coberta inclui amplo sagu\u00e3o de 4 mil m\u00b2 que se soma \u00e0 \u00e1rea externa de 3.640 m\u00b2 e ao p\u00e1tio de 4 mil m\u00b2. O complexo conta com amplo estacionamento, restaurante e lanchonete, ambulat\u00f3rio, telefones p\u00fablicos e acesso para deficientes.<\/p>\r\n\r\n\r\n\r\n<p>Localizada ao norte do Estado de S\u00e3o Paulo, numa regi\u00e3o de 927m de altitude com picos de at\u00e9 1.300m e rodeada por montanhas da Serra da Mantiqueira, Serra Negra possui um ambiente seguro e agrad\u00e1vel.<\/p>\r\n\r\n\r\n\r\n<figure class=\"wp-block-image size-large\"><img loading=\"lazy\" decoding=\"async\" width=\"1024\" height=\"685\" src=\"https:\/\/bitconf.com.br\/2020\/wp-content\/uploads\/2020\/03\/4-1024x685.jpg\" alt=\"\" class=\"wp-image-137\" srcset=\"https:\/\/bitconf.com.br\/2020\/wp-content\/uploads\/2020\/03\/4-1024x685.jpg 1024w, https:\/\/bitconf.com.br\/2020\/wp-content\/uploads\/2020\/03\/4-300x201.jpg 300w, https:\/\/bitconf.com.br\/2020\/wp-content\/uploads\/2020\/03\/4-768x514.jpg 768w, https:\/\/bitconf.com.br\/2020\/wp-content\/uploads\/2020\/03\/4-1536x1028.jpg 1536w, https:\/\/bitconf.com.br\/2020\/wp-content\/uploads\/2020\/03\/4-360x240.jpg 360w, https:\/\/bitconf.com.br\/2020\/wp-content\/uploads\/2020\/03\/4.jpg 1920w\" sizes=\"auto, (max-width: 1024px) 100vw, 1024px\" \/><\/figure>\r\n\r\n\r\n\r\n<figure class=\"wp-block-image size-large is-resized\"><img loading=\"lazy\" decoding=\"async\" src=\"https:\/\/bitconf.com.br\/2020\/wp-content\/uploads\/2020\/03\/unnamed-1.jpg\" alt=\"\" class=\"wp-image-138\" width=\"582\" height=\"311\" srcset=\"https:\/\/bitconf.com.br\/2020\/wp-content\/uploads\/2020\/03\/unnamed-1.jpg 512w, https:\/\/bitconf.com.br\/2020\/wp-content\/uploads\/2020\/03\/unnamed-1-300x161.jpg 300w\" sizes=\"auto, (max-width: 582px) 100vw, 582px\" \/><\/figure>\r\n\r\n\r\n\r\n<figure class=\"wp-block-image size-large\"><img loading=\"lazy\" decoding=\"async\" width=\"1024\" height=\"676\" src=\"https:\/\/bitconf.com.br\/2020\/wp-content\/uploads\/2020\/03\/1561461545-1024x676.jpg\" alt=\"\" class=\"wp-image-139\" srcset=\"https:\/\/bitconf.com.br\/2020\/wp-content\/uploads\/2020\/03\/1561461545-1024x676.jpg 1024w, https:\/\/bitconf.com.br\/2020\/wp-content\/uploads\/2020\/03\/1561461545-300x198.jpg 300w, https:\/\/bitconf.com.br\/2020\/wp-content\/uploads\/2020\/03\/1561461545-768x507.jpg 768w, https:\/\/bitconf.com.br\/2020\/wp-content\/uploads\/2020\/03\/1561461545-1536x1014.jpg 1536w, https:\/\/bitconf.com.br\/2020\/wp-content\/uploads\/2020\/03\/1561461545.jpg 1920w\" sizes=\"auto, (max-width: 1024px) 100vw, 1024px\" \/><\/figure>\r\n\r\n\r\n\r\n<figure class=\"wp-block-image size-large\"><img loading=\"lazy\" decoding=\"async\" width=\"1024\" height=\"686\" src=\"https:\/\/bitconf.com.br\/2020\/wp-content\/uploads\/2020\/03\/3-1024x686.jpg\" alt=\"\" class=\"wp-image-140\" srcset=\"https:\/\/bitconf.com.br\/2020\/wp-content\/uploads\/2020\/03\/3-1024x686.jpg 1024w, https:\/\/bitconf.com.br\/2020\/wp-content\/uploads\/2020\/03\/3-300x201.jpg 300w, https:\/\/bitconf.com.br\/2020\/wp-content\/uploads\/2020\/03\/3-768x514.jpg 768w, https:\/\/bitconf.com.br\/2020\/wp-content\/uploads\/2020\/03\/3-1536x1029.jpg 1536w, https:\/\/bitconf.com.br\/2020\/wp-content\/uploads\/2020\/03\/3-360x240.jpg 360w, https:\/\/bitconf.com.br\/2020\/wp-content\/uploads\/2020\/03\/3.jpg 1920w\" sizes=\"auto, (max-width: 1024px) 100vw, 1024px\" \/><\/figure>\r\n\r\n\r\n\r\n<figure class=\"wp-block-image size-large\"><img loading=\"lazy\" decoding=\"async\" width=\"647\" height=\"500\" src=\"https:\/\/bitconf.com.br\/2020\/wp-content\/uploads\/2020\/03\/serranegra_f_046.jpg\" alt=\"\" class=\"wp-image-141\" srcset=\"https:\/\/bitconf.com.br\/2020\/wp-content\/uploads\/2020\/03\/serranegra_f_046.jpg 647w, https:\/\/bitconf.com.br\/2020\/wp-content\/uploads\/2020\/03\/serranegra_f_046-300x232.jpg 300w\" sizes=\"auto, (max-width: 647px) 100vw, 647px\" \/><\/figure>\r\n<p>Muitas atividades tamb\u00e9m ser\u00e3o realizadas no Hotel Fazenda Vale do Sol:<\/p>\r\n<p><iframe loading=\"lazy\" title=\"Bem vindo ao Hotel Fazenda Vale do Sol\" width=\"750\" height=\"422\" src=\"https:\/\/www.youtube.com\/embed\/_jvgbByXn_E?feature=oembed\" frameborder=\"0\" allow=\"accelerometer; autoplay; encrypted-media; gyroscope; picture-in-picture\" allowfullscreen><\/iframe><\/p>\r\n","protected":false},"excerpt":{"rendered":"<p>A VIII BITCONF acontecer\u00e1 de 10 \u00e0 13 de setembro no Centro de Eventos Circuito das \u00c1guas, na cidade de Serra Negra, S\u00e3o Paulo. A Est\u00e2ncia Hidromineral de Serra Negra apresenta o turismo tradicional, de compras, de eventos e rural. Seu agrad\u00e1vel clima de montanha, aliado \u00e0s fontes de \u00e1guas<a class=\"moretag\" href=\"https:\/\/bitconf.com.br\/2020\/local\/\"> Continue a ler<\/a><\/p>\n","protected":false},"author":1,"featured_media":0,"parent":0,"menu_order":0,"comment_status":"closed","ping_status":"closed","template":"","meta":{"footnotes":""},"class_list":["post-136","page","type-page","status-publish","hentry"],"_links":{"self":[{"href":"https:\/\/bitconf.com.br\/2020\/wp-json\/wp\/v2\/pages\/136","targetHints":{"allow":["GET"]}}],"collection":[{"href":"https:\/\/bitconf.com.br\/2020\/wp-json\/wp\/v2\/pages"}],"about":[{"href":"https:\/\/bitconf.com.br\/2020\/wp-json\/wp\/v2\/types\/page"}],"author":[{"embeddable":true,"href":"https:\/\/bitconf.com.br\/2020\/wp-json\/wp\/v2\/users\/1"}],"replies":[{"embeddable":true,"href":"https:\/\/bitconf.com.br\/2020\/wp-json\/wp\/v2\/comments?post=136"}],"version-history":[{"count":5,"href":"https:\/\/bitconf.com.br\/2020\/wp-json\/wp\/v2\/pages\/136\/revisions"}],"predecessor-version":[{"id":187,"href":"https:\/\/bitconf.com.br\/2020\/wp-json\/wp\/v2\/pages\/136\/revisions\/187"}],"wp:attachment":[{"href":"https:\/\/bitconf.com.br\/2020\/wp-json\/wp\/v2\/media?parent=136"}],"curies":[{"name":"wp","href":"https:\/\/api.w.org\/{rel}","templated":true}]}}